{"id":208,"date":"2016-08-25T10:27:54","date_gmt":"2016-08-25T10:27:54","guid":{"rendered":"http:\/\/serbia.afssite.afs.org\/?page_id=208"},"modified":"2017-01-19T13:09:02","modified_gmt":"2017-01-19T12:09:02","slug":"contact-us","status":"publish","type":"page","link":"https:\/\/www.afs.org.rs\/en\/about-afs\/contact-us\/","title":{"rendered":"Contact us"},"content":{"rendered":"<p>Ivana Gazikalovi\u0107-Pavlovi\u0107, president of organization<br \/>\n+381659844700<br \/>\n<a href=\"mailto:ivana.pavlovic@afs.org\">ivana.pavlovic@afs.org<\/a><\/p>\n<p>Dunja \u017divanovi\u0107, hosting coordinator and trainer<br \/>\n+381659844702<br \/>\n<a href=\"mailto:dunja.zivanovic@afs.org\">dunja.zivanovic@afs.org<\/a><\/p>\n<p>Aleksandra Radi\u0107, sending coordinator<br \/>\n+381659844701<br \/>\n<a href=\"mailto:aleksandra.radic@afs.org\">aleksandra.radic@afs.org<\/a><\/p>\n<p>Our address is:<br \/>\nLomina 26, 11000 Belgrade, Serbia<\/p>\n","protected":false},"excerpt":{"rendered":"<p>Ivana Gazikalovi\u0107-Pavlovi\u0107, president of organization +381659844700 ivana.pavlovic@afs.org Dunja \u017divanovi\u0107, hosting coordinator and trainer +381659844702 dunja.zivanovic@afs.org Aleksandra Radi\u0107, sending coordinator +381659844701&hellip;<\/p>\n","protected":false},"author":5,"featured_media":3426,"parent":206,"menu_order":4,"comment_status":"closed","ping_status":"closed","template":"","meta":{"footnotes":""},"class_list":["post-208","page","type-page","status-publish","has-post-thumbnail","hentry"],"yoast_head":"<!-- This site is optimized with the Yoast SEO plugin v26.6 - https:\/\/yoast.com\/wordpress\/plugins\/seo\/ -->\n<title>Contact us - AFS Serbia<\/title>\n<meta name=\"robots\" content=\"index, follow, max-snippet:-1, max-image-preview:large, max-video-preview:-1\" \/>\n<link rel=\"canonical\" href=\"https:\/\/www.afs.org.rs\/en\/about-afs\/contact-us\/\" \/>\n<meta property=\"og:locale\" content=\"en_US\" \/>\n<meta property=\"og:type\" content=\"article\" \/>\n<meta property=\"og:title\" content=\"Contact us - AFS Serbia\" \/>\n<meta property=\"og:description\" content=\"Ivana Gazikalovi\u0107-Pavlovi\u0107, president of organization +381659844700 ivana.pavlovic@afs.org Dunja \u017divanovi\u0107, hosting coordinator and trainer +381659844702 dunja.zivanovic@afs.org Aleksandra Radi\u0107, sending coordinator +381659844701&hellip;\" \/>\n<meta property=\"og:url\" content=\"https:\/\/www.afs.org.rs\/en\/about-afs\/contact-us\/\" \/>\n<meta property=\"og:site_name\" content=\"AFS Serbia\" \/>\n<meta property=\"article:modified_time\" content=\"2017-01-19T12:09:02+00:00\" \/>\n<meta property=\"og:image\" content=\"https:\/\/d22dvihj4pfop3.cloudfront.net\/wp-content\/uploads\/sites\/58\/2016\/08\/22141242\/Volonteri.jpg\" \/>\n\t<meta property=\"og:image:width\" content=\"841\" \/>\n\t<meta property=\"og:image:height\" content=\"511\" \/>\n\t<meta property=\"og:image:type\" content=\"image\/jpeg\" \/>\n<meta name=\"twitter:card\" content=\"summary_large_image\" \/>\n<script type=\"application\/ld+json\" class=\"yoast-schema-graph\">{\"@context\":\"https:\/\/schema.org\",\"@graph\":[{\"@type\":\"WebPage\",\"@id\":\"https:\/\/www.afs.org.rs\/en\/about-afs\/contact-us\/\",\"url\":\"https:\/\/www.afs.org.rs\/en\/about-afs\/contact-us\/\",\"name\":\"Contact us - AFS Serbia\",\"isPartOf\":{\"@id\":\"https:\/\/www.afs.org.rs\/en\/#website\"},\"primaryImageOfPage\":{\"@id\":\"https:\/\/www.afs.org.rs\/en\/about-afs\/contact-us\/#primaryimage\"},\"image\":{\"@id\":\"https:\/\/www.afs.org.rs\/en\/about-afs\/contact-us\/#primaryimage\"},\"thumbnailUrl\":\"https:\/\/d22dvihj4pfop3.cloudfront.net\/wp-content\/uploads\/sites\/58\/2016\/08\/22141242\/Volonteri.jpg\",\"datePublished\":\"2016-08-25T10:27:54+00:00\",\"dateModified\":\"2017-01-19T12:09:02+00:00\",\"breadcrumb\":{\"@id\":\"https:\/\/www.afs.org.rs\/en\/about-afs\/contact-us\/#breadcrumb\"},\"inLanguage\":\"en-US\",\"potentialAction\":[{\"@type\":\"ReadAction\",\"target\":[\"https:\/\/www.afs.org.rs\/en\/about-afs\/contact-us\/\"]}]},{\"@type\":\"ImageObject\",\"inLanguage\":\"en-US\",\"@id\":\"https:\/\/www.afs.org.rs\/en\/about-afs\/contact-us\/#primaryimage\",\"url\":\"https:\/\/d22dvihj4pfop3.cloudfront.net\/wp-content\/uploads\/sites\/58\/2016\/08\/22141242\/Volonteri.jpg\",\"contentUrl\":\"https:\/\/d22dvihj4pfop3.cloudfront.net\/wp-content\/uploads\/sites\/58\/2016\/08\/22141242\/Volonteri.jpg\",\"width\":841,\"height\":511},{\"@type\":\"BreadcrumbList\",\"@id\":\"https:\/\/www.afs.org.rs\/en\/about-afs\/contact-us\/#breadcrumb\",\"itemListElement\":[{\"@type\":\"ListItem\",\"position\":1,\"name\":\"Home\",\"item\":\"https:\/\/www.afs.org.rs\/en\/\"},{\"@type\":\"ListItem\",\"position\":2,\"name\":\"AFS helps the world learn to live together\",\"item\":\"https:\/\/www.afs.org.rs\/en\/about-afs\/\"},{\"@type\":\"ListItem\",\"position\":3,\"name\":\"Contact us\"}]},{\"@type\":\"WebSite\",\"@id\":\"https:\/\/www.afs.org.rs\/en\/#website\",\"url\":\"https:\/\/www.afs.org.rs\/en\/\",\"name\":\"AFS Serbia\",\"description\":\"Study abroad, host a student, intercultural education\",\"potentialAction\":[{\"@type\":\"SearchAction\",\"target\":{\"@type\":\"EntryPoint\",\"urlTemplate\":\"https:\/\/www.afs.org.rs\/en\/?s={search_term_string}\"},\"query-input\":{\"@type\":\"PropertyValueSpecification\",\"valueRequired\":true,\"valueName\":\"search_term_string\"}}],\"inLanguage\":\"en-US\"}]}<\/script>\n<!-- \/ Yoast SEO plugin. -->","yoast_head_json":{"title":"Contact us - AFS Serbia","robots":{"index":"index","follow":"follow","max-snippet":"max-snippet:-1","max-image-preview":"max-image-preview:large","max-video-preview":"max-video-preview:-1"},"canonical":"https:\/\/www.afs.org.rs\/en\/about-afs\/contact-us\/","og_locale":"en_US","og_type":"article","og_title":"Contact us - AFS Serbia","og_description":"Ivana Gazikalovi\u0107-Pavlovi\u0107, president of organization +381659844700 ivana.pavlovic@afs.org Dunja \u017divanovi\u0107, hosting coordinator and trainer +381659844702 dunja.zivanovic@afs.org Aleksandra Radi\u0107, sending coordinator +381659844701&hellip;","og_url":"https:\/\/www.afs.org.rs\/en\/about-afs\/contact-us\/","og_site_name":"AFS Serbia","article_modified_time":"2017-01-19T12:09:02+00:00","og_image":[{"url":"https:\/\/d22dvihj4pfop3.cloudfront.net\/wp-content\/uploads\/sites\/58\/2016\/08\/22141242\/Volonteri.jpg","width":841,"height":511,"type":"image\/jpeg"}],"twitter_card":"summary_large_image","schema":{"@context":"https:\/\/schema.org","@graph":[{"@type":"WebPage","@id":"https:\/\/www.afs.org.rs\/en\/about-afs\/contact-us\/","url":"https:\/\/www.afs.org.rs\/en\/about-afs\/contact-us\/","name":"Contact us - AFS Serbia","isPartOf":{"@id":"https:\/\/www.afs.org.rs\/en\/#website"},"primaryImageOfPage":{"@id":"https:\/\/www.afs.org.rs\/en\/about-afs\/contact-us\/#primaryimage"},"image":{"@id":"https:\/\/www.afs.org.rs\/en\/about-afs\/contact-us\/#primaryimage"},"thumbnailUrl":"https:\/\/d22dvihj4pfop3.cloudfront.net\/wp-content\/uploads\/sites\/58\/2016\/08\/22141242\/Volonteri.jpg","datePublished":"2016-08-25T10:27:54+00:00","dateModified":"2017-01-19T12:09:02+00:00","breadcrumb":{"@id":"https:\/\/www.afs.org.rs\/en\/about-afs\/contact-us\/#breadcrumb"},"inLanguage":"en-US","potentialAction":[{"@type":"ReadAction","target":["https:\/\/www.afs.org.rs\/en\/about-afs\/contact-us\/"]}]},{"@type":"ImageObject","inLanguage":"en-US","@id":"https:\/\/www.afs.org.rs\/en\/about-afs\/contact-us\/#primaryimage","url":"https:\/\/d22dvihj4pfop3.cloudfront.net\/wp-content\/uploads\/sites\/58\/2016\/08\/22141242\/Volonteri.jpg","contentUrl":"https:\/\/d22dvihj4pfop3.cloudfront.net\/wp-content\/uploads\/sites\/58\/2016\/08\/22141242\/Volonteri.jpg","width":841,"height":511},{"@type":"BreadcrumbList","@id":"https:\/\/www.afs.org.rs\/en\/about-afs\/contact-us\/#breadcrumb","itemListElement":[{"@type":"ListItem","position":1,"name":"Home","item":"https:\/\/www.afs.org.rs\/en\/"},{"@type":"ListItem","position":2,"name":"AFS helps the world learn to live together","item":"https:\/\/www.afs.org.rs\/en\/about-afs\/"},{"@type":"ListItem","position":3,"name":"Contact us"}]},{"@type":"WebSite","@id":"https:\/\/www.afs.org.rs\/en\/#website","url":"https:\/\/www.afs.org.rs\/en\/","name":"AFS Serbia","description":"Study abroad, host a student, intercultural education","potentialAction":[{"@type":"SearchAction","target":{"@type":"EntryPoint","urlTemplate":"https:\/\/www.afs.org.rs\/en\/?s={search_term_string}"},"query-input":{"@type":"PropertyValueSpecification","valueRequired":true,"valueName":"search_term_string"}}],"inLanguage":"en-US"}]}},"_links":{"self":[{"href":"https:\/\/www.afs.org.rs\/en\/wp-json\/wp\/v2\/pages\/208","targetHints":{"allow":["GET"]}}],"collection":[{"href":"https:\/\/www.afs.org.rs\/en\/wp-json\/wp\/v2\/pages"}],"about":[{"href":"https:\/\/www.afs.org.rs\/en\/wp-json\/wp\/v2\/types\/page"}],"author":[{"embeddable":true,"href":"https:\/\/www.afs.org.rs\/en\/wp-json\/wp\/v2\/users\/5"}],"replies":[{"embeddable":true,"href":"https:\/\/www.afs.org.rs\/en\/wp-json\/wp\/v2\/comments?post=208"}],"version-history":[{"count":20,"href":"https:\/\/www.afs.org.rs\/en\/wp-json\/wp\/v2\/pages\/208\/revisions"}],"predecessor-version":[{"id":3965,"href":"https:\/\/www.afs.org.rs\/en\/wp-json\/wp\/v2\/pages\/208\/revisions\/3965"}],"up":[{"embeddable":true,"href":"https:\/\/www.afs.org.rs\/en\/wp-json\/wp\/v2\/pages\/206"}],"wp:featuredmedia":[{"embeddable":true,"href":"https:\/\/www.afs.org.rs\/en\/wp-json\/wp\/v2\/media\/3426"}],"wp:attachment":[{"href":"https:\/\/www.afs.org.rs\/en\/wp-json\/wp\/v2\/media?parent=208"}],"curies":[{"name":"wp","href":"https:\/\/api.w.org\/{rel}","templated":true}]}}